{"id":2177,"date":"2025-08-23T23:56:08","date_gmt":"2025-08-23T21:56:08","guid":{"rendered":"https:\/\/rcsirotar.sk\/?page_id=2177"},"modified":"2025-09-05T12:31:38","modified_gmt":"2025-09-05T10:31:38","slug":"klub-deti","status":"publish","type":"page","link":"https:\/\/rcsirotar.sk\/?page_id=2177","title":{"rendered":"Klub det\u00ed"},"content":{"rendered":"\n<h1 class=\"wp-block-heading has-text-align-center\"><strong>Klub det\u00ed &#8211; komunitn\u00e9 vzdel\u00e1vanie det\u00ed<\/strong><\/h1>\n\n\n\n<div style=\"height:22px\" aria-hidden=\"true\" class=\"wp-block-spacer\"><\/div>\n\n\n\n<div class=\"wp-block-columns is-layout-flex wp-container-core-columns-is-layout-9d6595d7 wp-block-columns-is-layout-flex\">\n<div class=\"wp-block-column is-layout-flow wp-block-column-is-layout-flow\" style=\"flex-basis:33.33%\">\n<figure class=\"wp-block-image size-large\"><img loading=\"lazy\" decoding=\"async\" width=\"904\" height=\"1024\" src=\"https:\/\/rcsirotar.sk\/wp-content\/uploads\/2025\/09\/Snimka-obrazovky-2025-09-05-o-12.30.08-904x1024.jpg\" alt=\"\" class=\"wp-image-2236\" srcset=\"https:\/\/rcsirotar.sk\/wp-content\/uploads\/2025\/09\/Snimka-obrazovky-2025-09-05-o-12.30.08-904x1024.jpg 904w, https:\/\/rcsirotar.sk\/wp-content\/uploads\/2025\/09\/Snimka-obrazovky-2025-09-05-o-12.30.08-265x300.jpg 265w, https:\/\/rcsirotar.sk\/wp-content\/uploads\/2025\/09\/Snimka-obrazovky-2025-09-05-o-12.30.08-768x870.jpg 768w, https:\/\/rcsirotar.sk\/wp-content\/uploads\/2025\/09\/Snimka-obrazovky-2025-09-05-o-12.30.08.jpg 1040w\" sizes=\"auto, (max-width: 904px) 100vw, 904px\" \/><\/figure>\n<\/div>\n\n\n\n<div class=\"wp-block-column is-layout-flow wp-block-column-is-layout-flow\" style=\"flex-basis:66.66%\">\n<p>Klub det\u00ed je priestor, kde sa stret\u00e1vaj\u00fa deti a v malej skupine s podporou sprievodcov maj\u00fa mo\u017enos\u0165 objavova\u0165, u\u010di\u0165 sa a r\u00e1s\u0165 v bezpe\u010dnom prostred\u00ed.<\/p>\n\n\n\n<p>V klube sa akt\u00edvne venujeme soci\u00e1lnemu a emocion\u00e1lnemu rozvoju det\u00ed, podporujeme ich sebapoznanie, schopnos\u0165 samostatn\u00e9ho rozhodovania a spolupr\u00e1cu v skupine. Klub funguje na princ\u00edpoch Montessori pedagogiky a re\u0161pektuj\u00facej komunik\u00e1cie, \u010do vedie deti k zodpovednosti a akt\u00edvnemu pr\u00edstupu k u\u010deniu. Prostredn\u00edctvom vzdel\u00e1vac\u00edch aktiv\u00edt so zameran\u00edm na pr\u00edrodovedn\u00fa gramotnos\u0165 a ekologick\u00e9 princ\u00edpy vytv\u00e1rame pozit\u00edvny vz\u0165ah det\u00ed k pr\u00edrode a u\u010d\u00edme ich udr\u017eate\u013en\u00e9mu sp\u00f4sobu \u017eivota. <\/p>\n\n\n\n<figure class=\"wp-block-image size-full is-resized\"><img loading=\"lazy\" decoding=\"async\" width=\"595\" height=\"283\" src=\"https:\/\/rcsirotar.sk\/wp-content\/uploads\/2025\/08\/financna_podpora_Mesta_Zilina.jpg\" alt=\"\" class=\"wp-image-2183\" style=\"width:250px;height:auto\" srcset=\"https:\/\/rcsirotar.sk\/wp-content\/uploads\/2025\/08\/financna_podpora_Mesta_Zilina.jpg 595w, https:\/\/rcsirotar.sk\/wp-content\/uploads\/2025\/08\/financna_podpora_Mesta_Zilina-300x143.jpg 300w\" sizes=\"auto, (max-width: 595px) 100vw, 595px\" \/><figcaption class=\"wp-element-caption\">Tento projekt bol finan\u010dn\u00e9 podporen\u00fd z grantovej dot\u00e1cie Mesta \u017dilina<\/figcaption><\/figure>\n\n\n\n<p>V\u010faka grantovej dot\u00e1cii mesta \u017dilina sme mohli v na\u0161om Klube det\u00ed roz\u0161\u00edri\u0165 mno\u017e\u0161tvo pom\u00f4cok a zorganizova\u0165 dve komunitn\u00e9 akcie pre cel\u00e9 rodiny.<\/p>\n<\/div>\n<\/div>\n\n\n\n<p><\/p>\n\n\n\n<p><\/p>\n\n\n\n<p><strong>Ako to prebieha?<\/strong><\/p>\n\n\n\n<p>Po\u010das dopoludnia deti za\u017e\u00edvaj\u00fa aktivity in\u0161pirovan\u00e9 montessori pedagogikou \u2013 od praktick\u00e9ho \u017eivota cez tvoriv\u00e9 dielne a spolo\u010dn\u00e9 stolovanie a\u017e po hry vonku. V\u0161etko v rytme, ktor\u00fd podporuje samostatnos\u0165, tvorivos\u0165,  prirodzen\u00fa zvedavos\u0165, spolupatri\u010dnos\u0165 a zodpovednos\u0165 za vz\u0165ahy a okolie. V jednotliv\u00fdch aktivit\u00e1ch h\u013ead\u00e1me rovnov\u00e1hu medzi slobodou, zodpovednos\u0165ou a vn\u00fatornou discipl\u00ednou.<\/p>\n\n\n\n<p><\/p>\n\n\n\n<p><strong>Pre koho je Klub det\u00ed? <\/strong><\/p>\n\n\n\n<p>Pre deti, ktor\u00e9 s\u00fa pripraven\u00e9 str\u00e1vi\u0165 \u010das bez rodi\u010dov, n\u00e1js\u0165 si nov\u00fdch kamar\u00e1tov a za\u017ei\u0165 komunitn\u00e9 vzdel\u00e1vanie v malej skupine.<br>Klub det\u00ed je otvoren\u00fd pre v\u0161etky deti, ktor\u00fdch rodi\u010dia h\u013eadaj\u00fa prostredie, v ktorom by sa deti \u013eah\u0161ie pripravili na zaradenie do \u0161k\u00f4lky alebo sa rozhodli poskytn\u00fa\u0165 svojmu die\u0165a\u0165u vzdel\u00e1vanie prioritne vo vlastnej rodine a kv\u00f4li soci\u00e1lnym n\u00e1vykom h\u013eadaj\u00fa podnetn\u00fd klub jeden alebo dvakr\u00e1t za t\u00fd\u017ede\u0148.<\/p>\n\n\n\n<p><strong>\ud83d\udc49 Pre viac inform\u00e1ci\u00ed sa n\u00e1m nev\u00e1hajte ozva\u0165!<\/strong><\/p>\n","protected":false},"excerpt":{"rendered":"<p>Klub det\u00ed &#8211; komunitn\u00e9 vzdel\u00e1vanie det\u00ed Klub det\u00ed je priestor, kde sa stret\u00e1vaj\u00fa deti a v malej skupine s podporou sprievodcov maj\u00fa mo\u017enos\u0165 objavova\u0165, u\u010di\u0165 sa a r\u00e1s\u0165 v bezpe\u010dnom &#8230;<\/p>\n","protected":false},"author":3,"featured_media":0,"parent":0,"menu_order":0,"comment_status":"closed","ping_status":"closed","template":"template-fullwidth.php","meta":{"_monsterinsights_skip_tracking":false,"_monsterinsights_sitenote_active":false,"_monsterinsights_sitenote_note":"","_monsterinsights_sitenote_category":0,"footnotes":""},"class_list":["post-2177","page","type-page","status-publish","hentry"],"yoast_head":"<!-- This site is optimized with the Yoast SEO plugin v27.1.1 - https:\/\/yoast.com\/product\/yoast-seo-wordpress\/ -->\n<title>Klub det\u00ed - Rodinn\u00e9 centrum Sirot\u00e1r<\/title>\n<meta name=\"robots\" content=\"index, follow, max-snippet:-1, max-image-preview:large, max-video-preview:-1\" \/>\n<link rel=\"canonical\" href=\"https:\/\/rcsirotar.sk\/?page_id=2177\" \/>\n<meta property=\"og:locale\" content=\"sk_SK\" \/>\n<meta property=\"og:type\" content=\"article\" \/>\n<meta property=\"og:title\" content=\"Klub det\u00ed - Rodinn\u00e9 centrum Sirot\u00e1r\" \/>\n<meta property=\"og:description\" content=\"Klub det\u00ed &#8211; komunitn\u00e9 vzdel\u00e1vanie det\u00ed Klub det\u00ed je priestor, kde sa stret\u00e1vaj\u00fa deti a v malej skupine s podporou sprievodcov maj\u00fa mo\u017enos\u0165 objavova\u0165, u\u010di\u0165 sa a r\u00e1s\u0165 v bezpe\u010dnom ...\" \/>\n<meta property=\"og:url\" content=\"https:\/\/rcsirotar.sk\/?page_id=2177\" \/>\n<meta property=\"og:site_name\" content=\"Rodinn\u00e9 centrum Sirot\u00e1r\" \/>\n<meta property=\"article:modified_time\" content=\"2025-09-05T10:31:38+00:00\" \/>\n<meta property=\"og:image\" content=\"https:\/\/rcsirotar.sk\/wp-content\/uploads\/2025\/09\/Snimka-obrazovky-2025-09-05-o-12.30.08-904x1024.jpg\" \/>\n<meta name=\"twitter:card\" content=\"summary_large_image\" \/>\n<meta name=\"twitter:label1\" content=\"Predpokladan\u00fd \u010das \u010d\u00edtania\" \/>\n\t<meta name=\"twitter:data1\" content=\"2 min\u00faty\" \/>\n<script type=\"application\/ld+json\" class=\"yoast-schema-graph\">{\"@context\":\"https:\/\/schema.org\",\"@graph\":[{\"@type\":\"WebPage\",\"@id\":\"https:\/\/rcsirotar.sk\/?page_id=2177\",\"url\":\"https:\/\/rcsirotar.sk\/?page_id=2177\",\"name\":\"Klub det\u00ed - Rodinn\u00e9 centrum Sirot\u00e1r\",\"isPartOf\":{\"@id\":\"https:\/\/rcsirotar.sk\/#website\"},\"primaryImageOfPage\":{\"@id\":\"https:\/\/rcsirotar.sk\/?page_id=2177#primaryimage\"},\"image\":{\"@id\":\"https:\/\/rcsirotar.sk\/?page_id=2177#primaryimage\"},\"thumbnailUrl\":\"https:\/\/rcsirotar.sk\/wp-content\/uploads\/2025\/09\/Snimka-obrazovky-2025-09-05-o-12.30.08-904x1024.jpg\",\"datePublished\":\"2025-08-23T21:56:08+00:00\",\"dateModified\":\"2025-09-05T10:31:38+00:00\",\"breadcrumb\":{\"@id\":\"https:\/\/rcsirotar.sk\/?page_id=2177#breadcrumb\"},\"inLanguage\":\"sk-SK\",\"potentialAction\":[{\"@type\":\"ReadAction\",\"target\":[\"https:\/\/rcsirotar.sk\/?page_id=2177\"]}]},{\"@type\":\"ImageObject\",\"inLanguage\":\"sk-SK\",\"@id\":\"https:\/\/rcsirotar.sk\/?page_id=2177#primaryimage\",\"url\":\"https:\/\/rcsirotar.sk\/wp-content\/uploads\/2025\/09\/Snimka-obrazovky-2025-09-05-o-12.30.08.jpg\",\"contentUrl\":\"https:\/\/rcsirotar.sk\/wp-content\/uploads\/2025\/09\/Snimka-obrazovky-2025-09-05-o-12.30.08.jpg\",\"width\":1040,\"height\":1178},{\"@type\":\"BreadcrumbList\",\"@id\":\"https:\/\/rcsirotar.sk\/?page_id=2177#breadcrumb\",\"itemListElement\":[{\"@type\":\"ListItem\",\"position\":1,\"name\":\"Home\",\"item\":\"https:\/\/rcsirotar.sk\/\"},{\"@type\":\"ListItem\",\"position\":2,\"name\":\"Klub det\u00ed\"}]},{\"@type\":\"WebSite\",\"@id\":\"https:\/\/rcsirotar.sk\/#website\",\"url\":\"https:\/\/rcsirotar.sk\/\",\"name\":\"Rodinn\u00e9 centrum Sirot\u00e1r\",\"description\":\"\",\"publisher\":{\"@id\":\"https:\/\/rcsirotar.sk\/#organization\"},\"potentialAction\":[{\"@type\":\"SearchAction\",\"target\":{\"@type\":\"EntryPoint\",\"urlTemplate\":\"https:\/\/rcsirotar.sk\/?s={search_term_string}\"},\"query-input\":{\"@type\":\"PropertyValueSpecification\",\"valueRequired\":true,\"valueName\":\"search_term_string\"}}],\"inLanguage\":\"sk-SK\"},{\"@type\":\"Organization\",\"@id\":\"https:\/\/rcsirotar.sk\/#organization\",\"name\":\"Rodinn\u00e9 centrum Sirot\u00e1r\",\"url\":\"https:\/\/rcsirotar.sk\/\",\"logo\":{\"@type\":\"ImageObject\",\"inLanguage\":\"sk-SK\",\"@id\":\"https:\/\/rcsirotar.sk\/#\/schema\/logo\/image\/\",\"url\":\"https:\/\/rcsirotar.sk\/wp-content\/uploads\/2019\/05\/RC-Sirot\u00e1r-logo_web_logo.jpg\",\"contentUrl\":\"https:\/\/rcsirotar.sk\/wp-content\/uploads\/2019\/05\/RC-Sirot\u00e1r-logo_web_logo.jpg\",\"width\":100,\"height\":101,\"caption\":\"Rodinn\u00e9 centrum Sirot\u00e1r\"},\"image\":{\"@id\":\"https:\/\/rcsirotar.sk\/#\/schema\/logo\/image\/\"}}]}<\/script>\n<!-- \/ Yoast SEO plugin. -->","yoast_head_json":{"title":"Klub det\u00ed - Rodinn\u00e9 centrum Sirot\u00e1r","robots":{"index":"index","follow":"follow","max-snippet":"max-snippet:-1","max-image-preview":"max-image-preview:large","max-video-preview":"max-video-preview:-1"},"canonical":"https:\/\/rcsirotar.sk\/?page_id=2177","og_locale":"sk_SK","og_type":"article","og_title":"Klub det\u00ed - Rodinn\u00e9 centrum Sirot\u00e1r","og_description":"Klub det\u00ed &#8211; komunitn\u00e9 vzdel\u00e1vanie det\u00ed Klub det\u00ed je priestor, kde sa stret\u00e1vaj\u00fa deti a v malej skupine s podporou sprievodcov maj\u00fa mo\u017enos\u0165 objavova\u0165, u\u010di\u0165 sa a r\u00e1s\u0165 v bezpe\u010dnom ...","og_url":"https:\/\/rcsirotar.sk\/?page_id=2177","og_site_name":"Rodinn\u00e9 centrum Sirot\u00e1r","article_modified_time":"2025-09-05T10:31:38+00:00","og_image":[{"url":"https:\/\/rcsirotar.sk\/wp-content\/uploads\/2025\/09\/Snimka-obrazovky-2025-09-05-o-12.30.08-904x1024.jpg","type":"","width":"","height":""}],"twitter_card":"summary_large_image","twitter_misc":{"Predpokladan\u00fd \u010das \u010d\u00edtania":"2 min\u00faty"},"schema":{"@context":"https:\/\/schema.org","@graph":[{"@type":"WebPage","@id":"https:\/\/rcsirotar.sk\/?page_id=2177","url":"https:\/\/rcsirotar.sk\/?page_id=2177","name":"Klub det\u00ed - Rodinn\u00e9 centrum Sirot\u00e1r","isPartOf":{"@id":"https:\/\/rcsirotar.sk\/#website"},"primaryImageOfPage":{"@id":"https:\/\/rcsirotar.sk\/?page_id=2177#primaryimage"},"image":{"@id":"https:\/\/rcsirotar.sk\/?page_id=2177#primaryimage"},"thumbnailUrl":"https:\/\/rcsirotar.sk\/wp-content\/uploads\/2025\/09\/Snimka-obrazovky-2025-09-05-o-12.30.08-904x1024.jpg","datePublished":"2025-08-23T21:56:08+00:00","dateModified":"2025-09-05T10:31:38+00:00","breadcrumb":{"@id":"https:\/\/rcsirotar.sk\/?page_id=2177#breadcrumb"},"inLanguage":"sk-SK","potentialAction":[{"@type":"ReadAction","target":["https:\/\/rcsirotar.sk\/?page_id=2177"]}]},{"@type":"ImageObject","inLanguage":"sk-SK","@id":"https:\/\/rcsirotar.sk\/?page_id=2177#primaryimage","url":"https:\/\/rcsirotar.sk\/wp-content\/uploads\/2025\/09\/Snimka-obrazovky-2025-09-05-o-12.30.08.jpg","contentUrl":"https:\/\/rcsirotar.sk\/wp-content\/uploads\/2025\/09\/Snimka-obrazovky-2025-09-05-o-12.30.08.jpg","width":1040,"height":1178},{"@type":"BreadcrumbList","@id":"https:\/\/rcsirotar.sk\/?page_id=2177#breadcrumb","itemListElement":[{"@type":"ListItem","position":1,"name":"Home","item":"https:\/\/rcsirotar.sk\/"},{"@type":"ListItem","position":2,"name":"Klub det\u00ed"}]},{"@type":"WebSite","@id":"https:\/\/rcsirotar.sk\/#website","url":"https:\/\/rcsirotar.sk\/","name":"Rodinn\u00e9 centrum Sirot\u00e1r","description":"","publisher":{"@id":"https:\/\/rcsirotar.sk\/#organization"},"potentialAction":[{"@type":"SearchAction","target":{"@type":"EntryPoint","urlTemplate":"https:\/\/rcsirotar.sk\/?s={search_term_string}"},"query-input":{"@type":"PropertyValueSpecification","valueRequired":true,"valueName":"search_term_string"}}],"inLanguage":"sk-SK"},{"@type":"Organization","@id":"https:\/\/rcsirotar.sk\/#organization","name":"Rodinn\u00e9 centrum Sirot\u00e1r","url":"https:\/\/rcsirotar.sk\/","logo":{"@type":"ImageObject","inLanguage":"sk-SK","@id":"https:\/\/rcsirotar.sk\/#\/schema\/logo\/image\/","url":"https:\/\/rcsirotar.sk\/wp-content\/uploads\/2019\/05\/RC-Sirot\u00e1r-logo_web_logo.jpg","contentUrl":"https:\/\/rcsirotar.sk\/wp-content\/uploads\/2019\/05\/RC-Sirot\u00e1r-logo_web_logo.jpg","width":100,"height":101,"caption":"Rodinn\u00e9 centrum Sirot\u00e1r"},"image":{"@id":"https:\/\/rcsirotar.sk\/#\/schema\/logo\/image\/"}}]}},"_links":{"self":[{"href":"https:\/\/rcsirotar.sk\/index.php?rest_route=\/wp\/v2\/pages\/2177","targetHints":{"allow":["GET"]}}],"collection":[{"href":"https:\/\/rcsirotar.sk\/index.php?rest_route=\/wp\/v2\/pages"}],"about":[{"href":"https:\/\/rcsirotar.sk\/index.php?rest_route=\/wp\/v2\/types\/page"}],"author":[{"embeddable":true,"href":"https:\/\/rcsirotar.sk\/index.php?rest_route=\/wp\/v2\/users\/3"}],"replies":[{"embeddable":true,"href":"https:\/\/rcsirotar.sk\/index.php?rest_route=%2Fwp%2Fv2%2Fcomments&post=2177"}],"version-history":[{"count":5,"href":"https:\/\/rcsirotar.sk\/index.php?rest_route=\/wp\/v2\/pages\/2177\/revisions"}],"predecessor-version":[{"id":2241,"href":"https:\/\/rcsirotar.sk\/index.php?rest_route=\/wp\/v2\/pages\/2177\/revisions\/2241"}],"wp:attachment":[{"href":"https:\/\/rcsirotar.sk\/index.php?rest_route=%2Fwp%2Fv2%2Fmedia&parent=2177"}],"curies":[{"name":"wp","href":"https:\/\/api.w.org\/{rel}","templated":true}]}}